{"id":2,"date":"2018-11-05T08:48:35","date_gmt":"2018-11-05T07:48:35","guid":{"rendered":"http:\/\/www.toldipanzio.hu\/?page_id=2"},"modified":"2025-12-20T21:21:33","modified_gmt":"2025-12-20T20:21:33","slug":"ez-egy-minta-oldal","status":"publish","type":"page","link":"https:\/\/www.toldipanzio.hu\/","title":{"rendered":"\u00c9tterem"},"content":{"rendered":"\t\t<div data-elementor-type=\"wp-page\" data-elementor-id=\"2\" class=\"elementor elementor-2\">\n\t\t\t\t<div class=\"elementor-element elementor-element-8c9bbd5 e-flex e-con-boxed e-con e-parent\" data-id=\"8c9bbd5\" data-element_type=\"container\">\n\t\t\t\t\t<div class=\"e-con-inner\">\n\t\t<div class=\"elementor-element elementor-element-ac289c5 e-con-full e-flex e-con e-child\" data-id=\"ac289c5\" data-element_type=\"container\">\n\t\t\t\t<div class=\"elementor-element elementor-element-69d3263 elementor-widget elementor-widget-text-editor\" data-id=\"69d3263\" data-element_type=\"widget\" data-widget_type=\"text-editor.default\">\n\t\t\t\t<div class=\"elementor-widget-container\">\n\t\t\t\t\t\t\t<p>Az L alak\u00fa als\u00f3 r\u00e9szben 40-45 f\u0151t fogad\u00e1s\u00e1ra alkalmas. Az emeleti k\u00fcl\u00f6nteremben 40 f\u0151t tudunk k\u00e9nyelmesen elhelyezni. Itt ballag\u00e1sok, rendezv\u00e9nyek, keresztel\u0151k, csal\u00e1di \u00f6sszej\u00f6vetelek, c\u00e9ges rendezv\u00e9nyek megtart\u00e1s\u00e1ra is alkalmas.<\/p>\t\t\t\t\t\t<\/div>\n\t\t\t\t<\/div>\n\t\t\t\t<\/div>\n\t\t<div class=\"elementor-element elementor-element-9b0eb97 e-con-full e-flex e-con e-child\" data-id=\"9b0eb97\" data-element_type=\"container\">\n\t\t\t\t<div class=\"elementor-element elementor-element-f019311 elementor-widget elementor-widget-image\" data-id=\"f019311\" data-element_type=\"widget\" data-widget_type=\"image.default\">\n\t\t\t\t<div class=\"elementor-widget-container\">\n\t\t\t\t\t\t\t\t\t\t<figure class=\"wp-caption\">\n\t\t\t\t\t\t\t\t\t\t\t<a href=\"https:\/\/www.toldipanzio.hu\/wp-content\/uploads\/2024\/01\/infoblokk_2-1.pdf\">\n\t\t\t\t\t\t\t<img decoding=\"async\" width=\"180\" height=\"124\" src=\"https:\/\/www.toldipanzio.hu\/wp-content\/uploads\/2024\/01\/szc2020mini.jpg\" class=\"attachment-full size-full wp-image-9186\" alt=\"\" \/>\t\t\t\t\t\t\t\t<\/a>\n\t\t\t\t\t\t\t\t\t\t\t<figcaption class=\"widget-image-caption wp-caption-text\">A finansz\u00edroz\u00e1s a Covid-19 vil\u00e1gj\u00e1rv\u00e1nyra adott uni\u00f3s v\u00e1lasz r\u00e9szek\u00e9nt t\u00f6rt\u00e9nik.<\/figcaption>\n\t\t\t\t\t\t\t\t\t\t<\/figure>\n\t\t\t\t\t\t\t<\/div>\n\t\t\t\t<\/div>\n\t\t\t\t<\/div>\n\t\t<div class=\"elementor-element elementor-element-d21dc9c e-con-full e-flex e-con e-child\" data-id=\"d21dc9c\" data-element_type=\"container\">\n\t\t\t\t<div class=\"elementor-element elementor-element-78d4d60 elementor-widget elementor-widget-image\" data-id=\"78d4d60\" data-element_type=\"widget\" data-widget_type=\"image.default\">\n\t\t\t\t<div class=\"elementor-widget-container\">\n\t\t\t\t\t\t\t\t\t\t<figure class=\"wp-caption\">\n\t\t\t\t\t\t\t\t\t\t\t<a href=\"https:\/\/www.toldipanzio.hu\/wp-content\/uploads\/2024\/01\/infoblokk_1-1.pdf\">\n\t\t\t\t\t\t\t<img decoding=\"async\" width=\"180\" height=\"124\" src=\"https:\/\/www.toldipanzio.hu\/wp-content\/uploads\/2024\/01\/szc2020mini.jpg\" class=\"attachment-full size-full wp-image-9186\" alt=\"\" \/>\t\t\t\t\t\t\t\t<\/a>\n\t\t\t\t\t\t\t\t\t\t\t<figcaption class=\"widget-image-caption wp-caption-text\">A finansz\u00edroz\u00e1s a Covid-19 vil\u00e1gj\u00e1rv\u00e1nyra adott uni\u00f3s v\u00e1lasz r\u00e9szek\u00e9nt t\u00f6rt\u00e9nik.<\/figcaption>\n\t\t\t\t\t\t\t\t\t\t<\/figure>\n\t\t\t\t\t\t\t<\/div>\n\t\t\t\t<\/div>\n\t\t\t\t<\/div>\n\t\t\t\t\t<\/div>\n\t\t\t\t<\/div>\n\t\t<div class=\"elementor-element elementor-element-b8f53cd e-flex e-con-boxed e-con e-parent\" data-id=\"b8f53cd\" data-element_type=\"container\">\n\t\t\t\t\t<div class=\"e-con-inner\">\n\t\t<div class=\"elementor-element elementor-element-3a728a3 e-con-full e-flex e-con e-child\" data-id=\"3a728a3\" data-element_type=\"container\">\n\t\t\t\t<div class=\"elementor-element elementor-element-b0b9ed1 elementor-widget elementor-widget-image\" data-id=\"b0b9ed1\" data-element_type=\"widget\" data-widget_type=\"image.default\">\n\t\t\t\t<div class=\"elementor-widget-container\">\n\t\t\t\t\t\t\t\t\t\t\t\t\t<img decoding=\"async\" width=\"250\" height=\"188\" src=\"https:\/\/www.toldipanzio.hu\/wp-content\/uploads\/2013\/06\/100_1157_s1.jpg\" class=\"attachment-full size-full wp-image-80\" alt=\"\" \/>\t\t\t\t\t\t\t\t\t\t\t\t\t<\/div>\n\t\t\t\t<\/div>\n\t\t\t\t<\/div>\n\t\t<div class=\"elementor-element elementor-element-d9788cb e-con-full e-flex e-con e-child\" data-id=\"d9788cb\" data-element_type=\"container\">\n\t\t\t\t<div class=\"elementor-element elementor-element-623f4f1 elementor-widget elementor-widget-image\" data-id=\"623f4f1\" data-element_type=\"widget\" data-widget_type=\"image.default\">\n\t\t\t\t<div class=\"elementor-widget-container\">\n\t\t\t\t\t\t\t\t\t\t\t\t\t<img fetchpriority=\"high\" decoding=\"async\" width=\"300\" height=\"225\" src=\"https:\/\/www.toldipanzio.hu\/wp-content\/uploads\/2024\/04\/Messenger_creation_e348962d-a6e0-4cc0-a756-95859b2f95dd-300x225.jpeg\" class=\"attachment-medium size-medium wp-image-9484\" alt=\"\" srcset=\"https:\/\/www.toldipanzio.hu\/wp-content\/uploads\/2024\/04\/Messenger_creation_e348962d-a6e0-4cc0-a756-95859b2f95dd-300x225.jpeg 300w, https:\/\/www.toldipanzio.hu\/wp-content\/uploads\/2024\/04\/Messenger_creation_e348962d-a6e0-4cc0-a756-95859b2f95dd-1024x768.jpeg 1024w, https:\/\/www.toldipanzio.hu\/wp-content\/uploads\/2024\/04\/Messenger_creation_e348962d-a6e0-4cc0-a756-95859b2f95dd-768x576.jpeg 768w, https:\/\/www.toldipanzio.hu\/wp-content\/uploads\/2024\/04\/Messenger_creation_e348962d-a6e0-4cc0-a756-95859b2f95dd-1536x1152.jpeg 1536w, https:\/\/www.toldipanzio.hu\/wp-content\/uploads\/2024\/04\/Messenger_creation_e348962d-a6e0-4cc0-a756-95859b2f95dd-624x468.jpeg 624w, https:\/\/www.toldipanzio.hu\/wp-content\/uploads\/2024\/04\/Messenger_creation_e348962d-a6e0-4cc0-a756-95859b2f95dd.jpeg 1888w\" sizes=\"(max-width: 300px) 100vw, 300px\" \/>\t\t\t\t\t\t\t\t\t\t\t\t\t<\/div>\n\t\t\t\t<\/div>\n\t\t\t\t<\/div>\n\t\t\t\t\t<\/div>\n\t\t\t\t<\/div>\n\t\t<div class=\"elementor-element elementor-element-53169a8 e-flex e-con-boxed e-con e-parent\" data-id=\"53169a8\" data-element_type=\"container\">\n\t\t\t\t\t<div class=\"e-con-inner\">\n\t\t\t\t<div class=\"elementor-element elementor-element-725688b elementor-widget elementor-widget-text-editor\" data-id=\"725688b\" data-element_type=\"widget\" data-widget_type=\"text-editor.default\">\n\t\t\t\t<div class=\"elementor-widget-container\">\n\t\t\t\t\t\t\t<p>H\u00e9tk\u00f6znap\u00a0<a href=\"http:\/\/www.toldipanzio.hu\/?page_id=23\">3 f\u00e9le men\u00fc<\/a>b\u0151l v\u00e1laszthatnak vend\u00e9geink de a h\u00e9tv\u00e9g\u00e9n is van lehet\u0151s\u00e9g men\u00fc elfogyaszt\u00e1s\u00e1ra. A men\u00fc k\u00edn\u00e1lat mellett az id\u00e9ny szerint meg\u00fajul\u00f3 \u00e9tlapr\u00f3l h\u00e1zias \u00e9teleket v\u00e1laszthatnak a hozz\u00e1nk bet\u00e9r\u0151k.<\/p>\t\t\t\t\t\t<\/div>\n\t\t\t\t<\/div>\n\t\t\t\t\t<\/div>\n\t\t\t\t<\/div>\n\t\t<div class=\"elementor-element elementor-element-fb464fb e-flex e-con-boxed e-con e-parent\" data-id=\"fb464fb\" data-element_type=\"container\">\n\t\t\t\t\t<div class=\"e-con-inner\">\n\t\t<div class=\"elementor-element elementor-element-55b39db e-con-full e-flex e-con e-child\" data-id=\"55b39db\" data-element_type=\"container\">\n\t\t\t\t<div class=\"elementor-element elementor-element-98751ea elementor-widget elementor-widget-image\" data-id=\"98751ea\" data-element_type=\"widget\" data-widget_type=\"image.default\">\n\t\t\t\t<div class=\"elementor-widget-container\">\n\t\t\t\t\t\t\t\t\t\t\t\t\t<img loading=\"lazy\" decoding=\"async\" width=\"250\" height=\"188\" src=\"https:\/\/www.toldipanzio.hu\/wp-content\/uploads\/2013\/06\/100_1149_s.jpg\" class=\"attachment-full size-full wp-image-86\" alt=\"\" \/>\t\t\t\t\t\t\t\t\t\t\t\t\t<\/div>\n\t\t\t\t<\/div>\n\t\t\t\t<\/div>\n\t\t<div class=\"elementor-element elementor-element-07b1fd5 e-con-full e-flex e-con e-child\" data-id=\"07b1fd5\" data-element_type=\"container\">\n\t\t\t\t<div class=\"elementor-element elementor-element-c30368c elementor-widget elementor-widget-image\" data-id=\"c30368c\" data-element_type=\"widget\" data-widget_type=\"image.default\">\n\t\t\t\t<div class=\"elementor-widget-container\">\n\t\t\t\t\t\t\t\t\t\t\t\t\t<img loading=\"lazy\" decoding=\"async\" width=\"300\" height=\"225\" src=\"https:\/\/www.toldipanzio.hu\/wp-content\/uploads\/2024\/04\/Messenger_creation_d114af2a-1caf-45a9-9395-b83b44be817c-300x225.jpeg\" class=\"attachment-medium size-medium wp-image-9480\" alt=\"\" srcset=\"https:\/\/www.toldipanzio.hu\/wp-content\/uploads\/2024\/04\/Messenger_creation_d114af2a-1caf-45a9-9395-b83b44be817c-300x225.jpeg 300w, https:\/\/www.toldipanzio.hu\/wp-content\/uploads\/2024\/04\/Messenger_creation_d114af2a-1caf-45a9-9395-b83b44be817c-1024x768.jpeg 1024w, https:\/\/www.toldipanzio.hu\/wp-content\/uploads\/2024\/04\/Messenger_creation_d114af2a-1caf-45a9-9395-b83b44be817c-768x576.jpeg 768w, https:\/\/www.toldipanzio.hu\/wp-content\/uploads\/2024\/04\/Messenger_creation_d114af2a-1caf-45a9-9395-b83b44be817c-1536x1152.jpeg 1536w, https:\/\/www.toldipanzio.hu\/wp-content\/uploads\/2024\/04\/Messenger_creation_d114af2a-1caf-45a9-9395-b83b44be817c-624x468.jpeg 624w, https:\/\/www.toldipanzio.hu\/wp-content\/uploads\/2024\/04\/Messenger_creation_d114af2a-1caf-45a9-9395-b83b44be817c.jpeg 1888w\" sizes=\"(max-width: 300px) 100vw, 300px\" \/>\t\t\t\t\t\t\t\t\t\t\t\t\t<\/div>\n\t\t\t\t<\/div>\n\t\t\t\t<\/div>\n\t\t\t\t\t<\/div>\n\t\t\t\t<\/div>\n\t\t<div class=\"elementor-element elementor-element-08dcc03 e-flex e-con-boxed e-con e-parent\" data-id=\"08dcc03\" data-element_type=\"container\">\n\t\t\t\t\t<div class=\"e-con-inner\">\n\t\t\t\t<div class=\"elementor-element elementor-element-a8de31d elementor-widget elementor-widget-text-editor\" data-id=\"a8de31d\" data-element_type=\"widget\" data-widget_type=\"text-editor.default\">\n\t\t\t\t<div class=\"elementor-widget-container\">\n\t\t\t\t\t\t\t<p>Kora tavaszt\u00f3l k\u00e9s\u0151 \u0151szig 45 f\u0151s terasz v\u00e1rja kedves vend\u00e9geinket.<\/p>\t\t\t\t\t\t<\/div>\n\t\t\t\t<\/div>\n\t\t\t\t\t<\/div>\n\t\t\t\t<\/div>\n\t\t\t\t<\/div>\n\t\t","protected":false},"excerpt":{"rendered":"<p>Az L alak\u00fa als\u00f3 r\u00e9szben 40-45 f\u0151t fogad\u00e1s\u00e1ra alkalmas. Az emeleti k\u00fcl\u00f6nteremben 40 f\u0151t tudunk k\u00e9nyelmesen elhelyezni. Itt ballag\u00e1sok, rendezv\u00e9nyek, keresztel\u0151k, csal\u00e1di \u00f6sszej\u00f6vetelek, c\u00e9ges rendezv\u00e9nyek megtart\u00e1s\u00e1ra is alkalmas. A finansz\u00edroz\u00e1s a Covid-19 vil\u00e1gj\u00e1rv\u00e1nyra adott uni\u00f3s v\u00e1lasz r\u00e9szek\u00e9nt t\u00f6rt\u00e9nik. A finansz\u00edroz\u00e1s a Covid-19 vil\u00e1gj\u00e1rv\u00e1nyra adott uni\u00f3s v\u00e1lasz r\u00e9szek\u00e9nt t\u00f6rt\u00e9nik. H\u00e9tk\u00f6znap\u00a03 f\u00e9le men\u00fcb\u0151l v\u00e1laszthatnak vend\u00e9geink de a [&hellip;]<\/p>\n","protected":false},"author":1,"featured_media":0,"parent":0,"menu_order":0,"comment_status":"open","ping_status":"open","template":"","meta":{"footnotes":""},"class_list":["post-2","page","type-page","status-publish","hentry"],"_links":{"self":[{"href":"https:\/\/www.toldipanzio.hu\/index.php?rest_route=\/wp\/v2\/pages\/2","targetHints":{"allow":["GET"]}}],"collection":[{"href":"https:\/\/www.toldipanzio.hu\/index.php?rest_route=\/wp\/v2\/pages"}],"about":[{"href":"https:\/\/www.toldipanzio.hu\/index.php?rest_route=\/wp\/v2\/types\/page"}],"author":[{"embeddable":true,"href":"https:\/\/www.toldipanzio.hu\/index.php?rest_route=\/wp\/v2\/users\/1"}],"replies":[{"embeddable":true,"href":"https:\/\/www.toldipanzio.hu\/index.php?rest_route=%2Fwp%2Fv2%2Fcomments&post=2"}],"version-history":[{"count":171,"href":"https:\/\/www.toldipanzio.hu\/index.php?rest_route=\/wp\/v2\/pages\/2\/revisions"}],"predecessor-version":[{"id":10442,"href":"https:\/\/www.toldipanzio.hu\/index.php?rest_route=\/wp\/v2\/pages\/2\/revisions\/10442"}],"wp:attachment":[{"href":"https:\/\/www.toldipanzio.hu\/index.php?rest_route=%2Fwp%2Fv2%2Fmedia&parent=2"}],"curies":[{"name":"wp","href":"https:\/\/api.w.org\/{rel}","templated":true}]}}