{"id":16,"date":"2013-06-24T07:31:39","date_gmt":"2013-06-24T05:31:39","guid":{"rendered":"http:\/\/www.toldipanzio.hu\/?page_id=16"},"modified":"2024-04-29T10:46:24","modified_gmt":"2024-04-29T08:46:24","slug":"panzio","status":"publish","type":"page","link":"https:\/\/www.toldipanzio.hu\/?page_id=16","title":{"rendered":"Panzi\u00f3"},"content":{"rendered":"<p>Az emeleti r\u00e9szen 6 szoba, ebb\u0151l 5 db 2 \u00e1gyas \u00e9s egy 3 agyas v\u00e1rja a sz\u00e1ll\u00e1st keres\u0151 vend\u00e9geinket. Minden szob\u00e1hoz zuhanykabinos zuhanyz\u00f3val, mosd\u00f3val \u00e9s wc-vel felszerelt f\u00fcrd\u0151szoba tartozik. Minden szob\u00e1ban tal\u00e1lhat\u00f3 k\u00e1bel TV ill. WIFI el\u00e9r\u00e9s.<\/p>\n<p><strong>\u00c1rak : \u00e1rakkal kapcsolatban k\u00e9rj\u00fck h\u00edvj\u00e1k a 72\/370-302 vezet\u00e9kes sz\u00e1mot!<br \/><\/strong>1 f\u0151:<br \/>2 f\u0151:<br \/>3 f\u0151:<\/p>\n<table border=\"0\" align=\"center\">\n<tbody>\n<tr>\n<td style=\"text-align: center;\"><a href=\"http:\/\/www.toldipanzio.hu\/wp-content\/uploads\/2024\/04\/Messenger_creation_880f5c70-4a11-4ff9-94f5-3f52f6e40b2c.jpeg\"><img fetchpriority=\"high\" decoding=\"async\" class=\"alignnone wp-image-9468 size-medium\" src=\"http:\/\/www.toldipanzio.hu\/wp-content\/uploads\/2024\/04\/Messenger_creation_880f5c70-4a11-4ff9-94f5-3f52f6e40b2c-225x300.jpeg\" alt=\"\" width=\"225\" height=\"300\" srcset=\"https:\/\/www.toldipanzio.hu\/wp-content\/uploads\/2024\/04\/Messenger_creation_880f5c70-4a11-4ff9-94f5-3f52f6e40b2c-225x300.jpeg 225w, https:\/\/www.toldipanzio.hu\/wp-content\/uploads\/2024\/04\/Messenger_creation_880f5c70-4a11-4ff9-94f5-3f52f6e40b2c-768x1024.jpeg 768w, https:\/\/www.toldipanzio.hu\/wp-content\/uploads\/2024\/04\/Messenger_creation_880f5c70-4a11-4ff9-94f5-3f52f6e40b2c-1152x1536.jpeg 1152w, https:\/\/www.toldipanzio.hu\/wp-content\/uploads\/2024\/04\/Messenger_creation_880f5c70-4a11-4ff9-94f5-3f52f6e40b2c-624x832.jpeg 624w, https:\/\/www.toldipanzio.hu\/wp-content\/uploads\/2024\/04\/Messenger_creation_880f5c70-4a11-4ff9-94f5-3f52f6e40b2c.jpeg 1416w\" sizes=\"(max-width: 225px) 100vw, 225px\" \/><\/a><\/td>\n<td style=\"text-align: center;\" colspan=\"2\">\u00a0\u00a0<a href=\"http:\/\/www.toldipanzio.hu\/wp-content\/uploads\/2024\/04\/Messenger_creation_f1173cce-1b1c-48ad-9d3e-5f3aee3a9bf6.jpeg\"><img decoding=\"async\" class=\"alignnone wp-image-9473 size-medium\" src=\"http:\/\/www.toldipanzio.hu\/wp-content\/uploads\/2024\/04\/Messenger_creation_f1173cce-1b1c-48ad-9d3e-5f3aee3a9bf6-225x300.jpeg\" alt=\"\" width=\"225\" height=\"300\" srcset=\"https:\/\/www.toldipanzio.hu\/wp-content\/uploads\/2024\/04\/Messenger_creation_f1173cce-1b1c-48ad-9d3e-5f3aee3a9bf6-225x300.jpeg 225w, https:\/\/www.toldipanzio.hu\/wp-content\/uploads\/2024\/04\/Messenger_creation_f1173cce-1b1c-48ad-9d3e-5f3aee3a9bf6-768x1024.jpeg 768w, https:\/\/www.toldipanzio.hu\/wp-content\/uploads\/2024\/04\/Messenger_creation_f1173cce-1b1c-48ad-9d3e-5f3aee3a9bf6-1152x1536.jpeg 1152w, https:\/\/www.toldipanzio.hu\/wp-content\/uploads\/2024\/04\/Messenger_creation_f1173cce-1b1c-48ad-9d3e-5f3aee3a9bf6-624x832.jpeg 624w, https:\/\/www.toldipanzio.hu\/wp-content\/uploads\/2024\/04\/Messenger_creation_f1173cce-1b1c-48ad-9d3e-5f3aee3a9bf6.jpeg 1416w\" sizes=\"(max-width: 225px) 100vw, 225px\" \/><\/a><\/td>\n<\/tr>\n<\/tbody>\n<\/table>\n<p>Sz\u00e1ll\u00e1s foglal\u00e1s, vezet\u00e9kes telefonon, d\u00e9lel\u0151tt 10 \u00f3r\u00e1t\u00f3l: 72\/370-302<\/p>\n\n\n<figure class=\"wp-block-image size-large is-resized\"><a href=\"https:\/\/www.toldipanzio.hu\/wp-content\/uploads\/2024\/04\/Messenger_creation_880f5c70-4a11-4ff9-94f5-3f52f6e40b2c-1.jpeg\"><img decoding=\"async\" width=\"768\" height=\"1024\" src=\"https:\/\/www.toldipanzio.hu\/wp-content\/uploads\/2024\/04\/Messenger_creation_880f5c70-4a11-4ff9-94f5-3f52f6e40b2c-1-768x1024.jpeg\" alt=\"\" class=\"wp-image-9475\" style=\"width:278px;height:auto\" srcset=\"https:\/\/www.toldipanzio.hu\/wp-content\/uploads\/2024\/04\/Messenger_creation_880f5c70-4a11-4ff9-94f5-3f52f6e40b2c-1-768x1024.jpeg 768w, https:\/\/www.toldipanzio.hu\/wp-content\/uploads\/2024\/04\/Messenger_creation_880f5c70-4a11-4ff9-94f5-3f52f6e40b2c-1-225x300.jpeg 225w, https:\/\/www.toldipanzio.hu\/wp-content\/uploads\/2024\/04\/Messenger_creation_880f5c70-4a11-4ff9-94f5-3f52f6e40b2c-1-1152x1536.jpeg 1152w, https:\/\/www.toldipanzio.hu\/wp-content\/uploads\/2024\/04\/Messenger_creation_880f5c70-4a11-4ff9-94f5-3f52f6e40b2c-1-624x832.jpeg 624w, https:\/\/www.toldipanzio.hu\/wp-content\/uploads\/2024\/04\/Messenger_creation_880f5c70-4a11-4ff9-94f5-3f52f6e40b2c-1.jpeg 1416w\" sizes=\"(max-width: 768px) 100vw, 768px\" \/><\/a><\/figure>\n\n\n\n<figure class=\"wp-block-image size-large is-resized\"><a href=\"https:\/\/www.toldipanzio.hu\/wp-content\/uploads\/2024\/04\/Messenger_creation_a30978b2-b586-4b2c-857b-639c530185dd-1.jpeg\"><img loading=\"lazy\" decoding=\"async\" width=\"768\" height=\"1024\" src=\"https:\/\/www.toldipanzio.hu\/wp-content\/uploads\/2024\/04\/Messenger_creation_a30978b2-b586-4b2c-857b-639c530185dd-1-768x1024.jpeg\" alt=\"\" class=\"wp-image-9476\" style=\"width:279px;height:auto\" srcset=\"https:\/\/www.toldipanzio.hu\/wp-content\/uploads\/2024\/04\/Messenger_creation_a30978b2-b586-4b2c-857b-639c530185dd-1-768x1024.jpeg 768w, https:\/\/www.toldipanzio.hu\/wp-content\/uploads\/2024\/04\/Messenger_creation_a30978b2-b586-4b2c-857b-639c530185dd-1-225x300.jpeg 225w, https:\/\/www.toldipanzio.hu\/wp-content\/uploads\/2024\/04\/Messenger_creation_a30978b2-b586-4b2c-857b-639c530185dd-1-1152x1536.jpeg 1152w, https:\/\/www.toldipanzio.hu\/wp-content\/uploads\/2024\/04\/Messenger_creation_a30978b2-b586-4b2c-857b-639c530185dd-1-624x832.jpeg 624w, https:\/\/www.toldipanzio.hu\/wp-content\/uploads\/2024\/04\/Messenger_creation_a30978b2-b586-4b2c-857b-639c530185dd-1.jpeg 1416w\" sizes=\"(max-width: 768px) 100vw, 768px\" \/><\/a><\/figure>\n\n\n\n<figure class=\"wp-block-image size-large is-resized\"><a href=\"https:\/\/www.toldipanzio.hu\/wp-content\/uploads\/2024\/04\/Messenger_creation_1118a9de-7d60-43a4-a2b8-e770b63b7448-1.jpeg\"><img loading=\"lazy\" decoding=\"async\" width=\"768\" height=\"1024\" src=\"https:\/\/www.toldipanzio.hu\/wp-content\/uploads\/2024\/04\/Messenger_creation_1118a9de-7d60-43a4-a2b8-e770b63b7448-1-768x1024.jpeg\" alt=\"\" class=\"wp-image-9477\" style=\"width:283px;height:auto\" srcset=\"https:\/\/www.toldipanzio.hu\/wp-content\/uploads\/2024\/04\/Messenger_creation_1118a9de-7d60-43a4-a2b8-e770b63b7448-1-768x1024.jpeg 768w, https:\/\/www.toldipanzio.hu\/wp-content\/uploads\/2024\/04\/Messenger_creation_1118a9de-7d60-43a4-a2b8-e770b63b7448-1-225x300.jpeg 225w, https:\/\/www.toldipanzio.hu\/wp-content\/uploads\/2024\/04\/Messenger_creation_1118a9de-7d60-43a4-a2b8-e770b63b7448-1-1152x1536.jpeg 1152w, https:\/\/www.toldipanzio.hu\/wp-content\/uploads\/2024\/04\/Messenger_creation_1118a9de-7d60-43a4-a2b8-e770b63b7448-1-624x832.jpeg 624w, https:\/\/www.toldipanzio.hu\/wp-content\/uploads\/2024\/04\/Messenger_creation_1118a9de-7d60-43a4-a2b8-e770b63b7448-1.jpeg 1416w\" sizes=\"(max-width: 768px) 100vw, 768px\" \/><\/a><\/figure>\n","protected":false},"excerpt":{"rendered":"<p>Az emeleti r\u00e9szen 6 szoba, ebb\u0151l 5 db 2 \u00e1gyas \u00e9s egy 3 agyas v\u00e1rja a sz\u00e1ll\u00e1st keres\u0151 vend\u00e9geinket. Minden szob\u00e1hoz zuhanykabinos zuhanyz\u00f3val, mosd\u00f3val \u00e9s wc-vel felszerelt f\u00fcrd\u0151szoba tartozik. Minden szob\u00e1ban tal\u00e1lhat\u00f3 k\u00e1bel TV ill. WIFI el\u00e9r\u00e9s. \u00c1rak : \u00e1rakkal kapcsolatban k\u00e9rj\u00fck h\u00edvj\u00e1k a 72\/370-302 vezet\u00e9kes sz\u00e1mot!1 f\u0151:2 f\u0151:3 f\u0151: \u00a0\u00a0 Sz\u00e1ll\u00e1s foglal\u00e1s, vezet\u00e9kes telefonon, [&hellip;]<\/p>\n","protected":false},"author":1,"featured_media":0,"parent":0,"menu_order":0,"comment_status":"open","ping_status":"open","template":"","meta":{"footnotes":""},"class_list":["post-16","page","type-page","status-publish","hentry"],"_links":{"self":[{"href":"https:\/\/www.toldipanzio.hu\/index.php?rest_route=\/wp\/v2\/pages\/16","targetHints":{"allow":["GET"]}}],"collection":[{"href":"https:\/\/www.toldipanzio.hu\/index.php?rest_route=\/wp\/v2\/pages"}],"about":[{"href":"https:\/\/www.toldipanzio.hu\/index.php?rest_route=\/wp\/v2\/types\/page"}],"author":[{"embeddable":true,"href":"https:\/\/www.toldipanzio.hu\/index.php?rest_route=\/wp\/v2\/users\/1"}],"replies":[{"embeddable":true,"href":"https:\/\/www.toldipanzio.hu\/index.php?rest_route=%2Fwp%2Fv2%2Fcomments&post=16"}],"version-history":[{"count":27,"href":"https:\/\/www.toldipanzio.hu\/index.php?rest_route=\/wp\/v2\/pages\/16\/revisions"}],"predecessor-version":[{"id":9478,"href":"https:\/\/www.toldipanzio.hu\/index.php?rest_route=\/wp\/v2\/pages\/16\/revisions\/9478"}],"wp:attachment":[{"href":"https:\/\/www.toldipanzio.hu\/index.php?rest_route=%2Fwp%2Fv2%2Fmedia&parent=16"}],"curies":[{"name":"wp","href":"https:\/\/api.w.org\/{rel}","templated":true}]}}