{"id":10462,"date":"2026-01-06T00:16:59","date_gmt":"2026-01-05T23:16:59","guid":{"rendered":"http:\/\/www.toldipanzio.hu\/?page_id=10462"},"modified":"2026-04-20T07:35:34","modified_gmt":"2026-04-20T05:35:34","slug":"heti-menu-2026","status":"publish","type":"page","link":"https:\/\/www.toldipanzio.hu\/?page_id=10462","title":{"rendered":"Heti men\u00fc:"},"content":{"rendered":"\n\n\n\n\n\n\n\n\n<p><span style=\"color: #800000;\"><strong>Aktu\u00e1lis h\u00e9t: 2026. 04.20. &#8211;\u00a0 \u00a004.26.<\/strong><\/span><\/p>\n<p><span style=\"color: #000000;\"><strong> Men\u00fcztet\u00e9s az \u00e9tterem nyit\u00e1s\u00e1t\u00f3l: 11.00. -t\u0151l ( max.15.00.-ig) a k\u00e9szletig.<\/strong><\/span><\/p>\n<p><span style=\"color: #000000;\"><strong>Men\u00fc teljes v\u00e1laszt\u00e9k\u00e1t, csak\u00a0 el\u0151rendel\u00e9ssel tudjuk biztos\u00edtan. <\/strong><\/span><\/p>\n<p><span style=\"color: #800000;\"><strong>Rendel\u00e9s felv\u00e9tel, reggel 8.00.-t\u00f3l a 72\/ 370-302 vezet\u00e9kes telefonsz\u00e1mon.<\/strong><\/span><\/p>\n<p><span style=\"color: #000000;\"><strong>Men\u00fc \u00e1ra, helyben fogyasztva,h\u00e9tk\u00f6zben: 1.900.-, Leves \u00e9s f\u0151\u00e9tel k\u00fcl\u00f6n v\u00e1s\u00e1rl\u00e1sa eset\u00e9n, k\u00e9rj\u00fck \u00e9rdekl\u0151dj\u00f6n az aktul\u00e1lis \u00e1rr\u00f3l.<\/strong><\/span><\/p>\n<p><span style=\"color: #000000;\"><strong>H\u00e9tv\u00e9g\u00e9n, helyben fogyasztva : 2.000.-\u00a0 csak komplett, teljes\u00a0 men\u00fc.<\/strong><\/span><\/p>\n<p><span style=\"color: #000000;\"><strong>Men\u00fc csomagolva: 2.000.-\u00a0 \u00a0\/ h\u00e9tv\u00e9g\u00e9n: 2.100.-\u00a0<\/strong><\/span><\/p>\n<p><span style=\"color: #800000;\"><strong><span style=\"color: #800000;\">H\u00e9tf\u0151:\u00a0 \u00a0<\/span> \u00a0 \u00a0\u00a0<\/strong><\/span><\/p>\n<p><span style=\"color: #000000;\">Brokkoli kr\u00e9mleves <strong>\/ Vagy:<\/strong> Csontleves<\/span><\/p>\n<p><span style=\"color: #000000;\"><strong> A)<\/strong> R\u00e1ntott sert\u00e9sszelet,\u00a0 burgonyap\u00fcr\u00e9, sav.<\/span><\/p>\n<p><span style=\"color: #000000;\"><strong> B)<\/strong> F\u0171szeres csirkecs\u00edkok, petrezs. rizs, ezersziget \u00f6ntet<\/span><\/p>\n<p><span style=\"color: #000000;\"><strong> C) <\/strong>Gombapaprik\u00e1s, galuska<\/span><\/p>\n<p><span style=\"color: #800000;\"><strong>Kedd:<\/strong><\/span><\/p>\n<p><span style=\"color: #000000;\">Csontleves\u00a0<\/span><\/p>\n<p><span style=\"color: #000000;\"><strong>A) <\/strong><span style=\"color: #000000;\">Vel\u0151vel t\u00f6lt\u00f6tt sert\u00e9sszelet, vegyes k\u00f6ret, sav.<\/span><\/span><\/p>\n<p><span style=\"color: #000000;\"><strong>B)<\/strong> Csik\u00f3s tok\u00e1ny, t\u00e9szta<\/span><\/p>\n<p><span style=\"color: #000000;\"><strong>C) <\/strong>Csirkemell rizott\u00f3, resz. sajt<\/span><\/p>\n<p><span style=\"color: #800000;\"><strong>Szerda:\u00a0<\/strong><\/span><\/p>\n<p><span style=\"color: #000000;\">Magyaros gombaleves<\/span><\/p>\n<p><span style=\"color: #000000;\"><strong>A) <\/strong>P\u00e1rizsi csirkemell, rizi-bizi, sav.<\/span><\/p>\n<p><span style=\"color: #000000;\"><strong>B)<\/strong> Paradicsomos h\u00fasgomb\u00f3c, f\u0151tt burg.<\/span><\/p>\n<p><span style=\"color: #000000;\"><strong>C)<\/strong> Sz\u00e9kelyk\u00e1poszta<\/span><\/p>\n<p><span style=\"color: #800000;\"><strong>Cs\u00fct\u00f6rt\u00f6k:\u00a0<\/strong><\/span><\/p>\n<p><span style=\"color: #000000;\">Babguly\u00e1s<\/span><\/p>\n<p><span style=\"color: #000000;\"><strong>A)<\/strong> Zsebes karaj, z\u00f6lds\u00e9ges rizs, sav.<\/span><\/p>\n<p><span style=\"color: #000000;\"><strong>B)<\/strong> R\u00e1ntott sajt, z\u00f6lds\u00e9ges rizs, tart\u00e1r<\/span><\/p>\n<p><span style=\"color: #000000;\"><strong>C) <\/strong>T\u00far\u00f3s t\u00e9szta p\u00f6rc\u00f6sen<\/span><\/p>\n<p><span style=\"color: #800000;\"><strong><span style=\"color: #800000;\">P\u00e9ntek:<\/span>\u00a0<\/strong><\/span><\/p>\n<p><span style=\"color: #000000;\">Paradicsomleves <strong>\/Vagy<\/strong> : Csontleves<\/span><\/p>\n<p><span style=\"color: #000000;\"><strong>A)<\/strong> Erd\u0151ker\u00fcl\u0151 sert\u00e9sszelet, vegyes k\u00f6ret<\/span><\/p>\n<p><span style=\"color: #000000;\"><strong>B) <\/strong>R\u00e1ntott hal, rizs, majon\u00e9zes kukoricasal\u00e1ta<\/span><\/p>\n<p><span style=\"color: #000000;\"><strong>C)<\/strong> Z\u00fazap\u00f6rk\u00f6lt, tarhonya, sav.<\/span><\/p>\n<p><strong><span style=\"color: #000000;\">D<\/span>)<\/strong> <span style=\"color: #000000;\">Cukorbors\u00f3 f\u0151zel\u00e9k, s.p\u00f6rk\u00f6lt<\/span><\/p>\n<p><span style=\"color: #800000;\"><strong>Szombat:\u00a0<\/strong><\/span><\/p>\n<p><span style=\"color: #000000;\">Fokhagyma kr\u00e9mleves, eszterh\u00e1zy sert\u00e9sragu, spagetti<\/span><\/p>\n<p><span style=\"color: #800000;\"><strong style=\"font-size: revert;\">Vas\u00e1rnap:\u00a0<\/strong>\u00a0<\/span><\/p>\n<p><span style=\"color: #000000;\">Kolb\u00e1szos lencseleves, rakott brokkoli<\/span><\/p>\n<p>\u00a0<\/p>\n<p><strong> <!-- \/wp:tadv\/classic-paragraph--><\/strong><\/p>\n\n\n\n\n\n\n\n\n\n\n\n\n\n\n\n\n\n\n\n\n\n\n\n\n\n\n\n\n\n\n\n\n\n\n\n\n\n\n\n\n\n\n\n\n\n\n","protected":false},"excerpt":{"rendered":"<p>Aktu\u00e1lis h\u00e9t: 2026. 04.20. &#8211;\u00a0 \u00a004.26. Men\u00fcztet\u00e9s az \u00e9tterem nyit\u00e1s\u00e1t\u00f3l: 11.00. -t\u0151l ( max.15.00.-ig) a k\u00e9szletig. Men\u00fc teljes v\u00e1laszt\u00e9k\u00e1t, csak\u00a0 el\u0151rendel\u00e9ssel tudjuk biztos\u00edtan. Rendel\u00e9s felv\u00e9tel, reggel 8.00.-t\u00f3l a 72\/ 370-302 vezet\u00e9kes telefonsz\u00e1mon. Men\u00fc \u00e1ra, helyben fogyasztva,h\u00e9tk\u00f6zben: 1.900.-, Leves \u00e9s f\u0151\u00e9tel k\u00fcl\u00f6n v\u00e1s\u00e1rl\u00e1sa eset\u00e9n, k\u00e9rj\u00fck \u00e9rdekl\u0151dj\u00f6n az aktul\u00e1lis \u00e1rr\u00f3l. H\u00e9tv\u00e9g\u00e9n, helyben fogyasztva : 2.000.-\u00a0 csak komplett, [&hellip;]<\/p>\n","protected":false},"author":1,"featured_media":0,"parent":0,"menu_order":0,"comment_status":"closed","ping_status":"closed","template":"","meta":{"footnotes":""},"class_list":["post-10462","page","type-page","status-publish","hentry"],"_links":{"self":[{"href":"https:\/\/www.toldipanzio.hu\/index.php?rest_route=\/wp\/v2\/pages\/10462","targetHints":{"allow":["GET"]}}],"collection":[{"href":"https:\/\/www.toldipanzio.hu\/index.php?rest_route=\/wp\/v2\/pages"}],"about":[{"href":"https:\/\/www.toldipanzio.hu\/index.php?rest_route=\/wp\/v2\/types\/page"}],"author":[{"embeddable":true,"href":"https:\/\/www.toldipanzio.hu\/index.php?rest_route=\/wp\/v2\/users\/1"}],"replies":[{"embeddable":true,"href":"https:\/\/www.toldipanzio.hu\/index.php?rest_route=%2Fwp%2Fv2%2Fcomments&post=10462"}],"version-history":[{"count":119,"href":"https:\/\/www.toldipanzio.hu\/index.php?rest_route=\/wp\/v2\/pages\/10462\/revisions"}],"predecessor-version":[{"id":10636,"href":"https:\/\/www.toldipanzio.hu\/index.php?rest_route=\/wp\/v2\/pages\/10462\/revisions\/10636"}],"wp:attachment":[{"href":"https:\/\/www.toldipanzio.hu\/index.php?rest_route=%2Fwp%2Fv2%2Fmedia&parent=10462"}],"curies":[{"name":"wp","href":"https:\/\/api.w.org\/{rel}","templated":true}]}}